{"id":1025,"date":"2020-02-03T11:45:57","date_gmt":"2020-02-03T11:45:57","guid":{"rendered":"https:\/\/wp.deldindesign.de\/?page_id=1025"},"modified":"2025-11-11T07:40:35","modified_gmt":"2025-11-11T07:40:35","slug":"kontakt","status":"publish","type":"page","link":"https:\/\/deldindesign.de\/index.php\/kontakt\/","title":{"rendered":"Kontakt"},"content":{"rendered":"\t\t<div data-elementor-type=\"wp-page\" data-elementor-id=\"1025\" class=\"elementor elementor-1025\">\n\t\t\t\t\t\t<section class=\"elementor-section elementor-top-section elementor-element elementor-element-1e4011b5 elementor-section-full_width elementor-section-height-default elementor-section-height-default\" data-id=\"1e4011b5\" data-element_type=\"section\" data-e-type=\"section\">\n\t\t\t\t\t\t<div class=\"elementor-container elementor-column-gap-wide\">\n\t\t\t\t\t<div class=\"elementor-column elementor-col-100 elementor-top-column elementor-element elementor-element-564ed472\" data-id=\"564ed472\" data-element_type=\"column\" data-e-type=\"column\">\n\t\t\t<div class=\"elementor-widget-wrap elementor-element-populated\">\n\t\t\t\t\t\t<div class=\"elementor-element elementor-element-6c43e284 elementor-widget elementor-widget-text-editor\" data-id=\"6c43e284\" data-element_type=\"widget\" data-e-type=\"widget\" data-widget_type=\"text-editor.default\">\n\t\t\t\t<div class=\"elementor-widget-container\">\n\t\t\t\t\t\t\t\t\t<hr>\n<h4><span style=\"color: #333333;\">del din design<br>Agentur f\u00fcr Kommunikationsdesign<\/span><\/h4>\n<h4><span style=\"color: #333333;\">Gesch\u00e4ftsf\u00fchrung: Susanne Del Din<\/span><br><span style=\"color: #333333;\">Sonnenstra\u00dfe 6<\/span><br><span style=\"color: #333333;\">53721 Siegburg<\/span><\/h4>\n<h4><span style=\"color: #333333;\">Fon: 0171.2741578<br><\/span><span style=\"color: #333333;\">E-Mail: <a href=\"mailto:sd@deldindesign.de\">sd@deldindesign.de<\/a><\/span><\/h4>\n<hr>\n<h4>&nbsp;<\/h4>\t\t\t\t\t\t\t\t<\/div>\n\t\t\t\t<\/div>\n\t\t\t\t\t<\/div>\n\t\t<\/div>\n\t\t\t\t\t<\/div>\n\t\t<\/section>\n\t\t\t\t<section class=\"elementor-section elementor-top-section elementor-element elementor-element-ef16998 elementor-section-boxed elementor-section-height-default elementor-section-height-default\" data-id=\"ef16998\" data-element_type=\"section\" data-e-type=\"section\">\n\t\t\t\t\t\t<div class=\"elementor-container elementor-column-gap-default\">\n\t\t\t\t\t<div class=\"elementor-column elementor-col-100 elementor-top-column elementor-element elementor-element-39e1534\" data-id=\"39e1534\" data-element_type=\"column\" data-e-type=\"column\">\n\t\t\t<div class=\"elementor-widget-wrap elementor-element-populated\">\n\t\t\t\t\t\t\t<\/div>\n\t\t<\/div>\n\t\t\t\t\t<\/div>\n\t\t<\/section>\n\t\t\t\t<\/div>\n\t\t","protected":false},"excerpt":{"rendered":"<p>del din designAgentur f\u00fcr Kommunikationsdesign Gesch\u00e4ftsf\u00fchrung: Susanne Del DinSonnenstra\u00dfe 653721 Siegburg Fon: 0171.2741578E-Mail: sd@deldindesign.de &nbsp;<\/p>\n","protected":false},"author":1,"featured_media":0,"parent":0,"menu_order":0,"comment_status":"closed","ping_status":"closed","template":"","meta":{"footnotes":""},"class_list":["post-1025","page","type-page","status-publish","hentry"],"yoast_head":"<!-- This site is optimized with the Yoast SEO plugin v27.5 - https:\/\/yoast.com\/product\/yoast-seo-wordpress\/ -->\n<title>Kontakt - del din design del din design<\/title>\n<meta name=\"robots\" content=\"index, follow, max-snippet:-1, max-image-preview:large, max-video-preview:-1\" \/>\n<link rel=\"canonical\" href=\"https:\/\/deldindesign.de\/index.php\/kontakt\/\" \/>\n<meta property=\"og:locale\" content=\"de_DE\" \/>\n<meta property=\"og:type\" content=\"article\" \/>\n<meta property=\"og:title\" content=\"Kontakt - del din design del din design\" \/>\n<meta property=\"og:description\" content=\"del din designAgentur f\u00fcr Kommunikationsdesign Gesch\u00e4ftsf\u00fchrung: Susanne Del DinSonnenstra\u00dfe 653721 Siegburg Fon: 0171.2741578E-Mail: sd@deldindesign.de &nbsp;\" \/>\n<meta property=\"og:url\" content=\"https:\/\/deldindesign.de\/index.php\/kontakt\/\" \/>\n<meta property=\"og:site_name\" content=\"del din design\" \/>\n<meta property=\"article:modified_time\" content=\"2025-11-11T07:40:35+00:00\" \/>\n<meta name=\"twitter:card\" content=\"summary_large_image\" \/>\n<meta name=\"twitter:label1\" content=\"Gesch\u00e4tzte Lesezeit\" \/>\n\t<meta name=\"twitter:data1\" content=\"1\u00a0Minute\" \/>\n<script type=\"application\/ld+json\" class=\"yoast-schema-graph\">{\"@context\":\"https:\\\/\\\/schema.org\",\"@graph\":[{\"@type\":\"WebPage\",\"@id\":\"https:\\\/\\\/deldindesign.de\\\/index.php\\\/kontakt\\\/\",\"url\":\"https:\\\/\\\/deldindesign.de\\\/index.php\\\/kontakt\\\/\",\"name\":\"Kontakt - del din design del din design\",\"isPartOf\":{\"@id\":\"https:\\\/\\\/deldindesign.de\\\/#website\"},\"datePublished\":\"2020-02-03T11:45:57+00:00\",\"dateModified\":\"2025-11-11T07:40:35+00:00\",\"breadcrumb\":{\"@id\":\"https:\\\/\\\/deldindesign.de\\\/index.php\\\/kontakt\\\/#breadcrumb\"},\"inLanguage\":\"de\",\"potentialAction\":[{\"@type\":\"ReadAction\",\"target\":[\"https:\\\/\\\/deldindesign.de\\\/index.php\\\/kontakt\\\/\"]}]},{\"@type\":\"BreadcrumbList\",\"@id\":\"https:\\\/\\\/deldindesign.de\\\/index.php\\\/kontakt\\\/#breadcrumb\",\"itemListElement\":[{\"@type\":\"ListItem\",\"position\":1,\"name\":\"Startseite\",\"item\":\"https:\\\/\\\/deldindesign.de\\\/\"},{\"@type\":\"ListItem\",\"position\":2,\"name\":\"Kontakt\"}]},{\"@type\":\"WebSite\",\"@id\":\"https:\\\/\\\/deldindesign.de\\\/#website\",\"url\":\"https:\\\/\\\/deldindesign.de\\\/\",\"name\":\"del din design\",\"description\":\"Agentur f\u00fcr Kommunikationsdesign\",\"publisher\":{\"@id\":\"https:\\\/\\\/deldindesign.de\\\/#\\\/schema\\\/person\\\/58991c77e781cd3e8c254d59ed6d4e59\"},\"potentialAction\":[{\"@type\":\"SearchAction\",\"target\":{\"@type\":\"EntryPoint\",\"urlTemplate\":\"https:\\\/\\\/deldindesign.de\\\/?s={search_term_string}\"},\"query-input\":{\"@type\":\"PropertyValueSpecification\",\"valueRequired\":true,\"valueName\":\"search_term_string\"}}],\"inLanguage\":\"de\"},{\"@type\":[\"Person\",\"Organization\"],\"@id\":\"https:\\\/\\\/deldindesign.de\\\/#\\\/schema\\\/person\\\/58991c77e781cd3e8c254d59ed6d4e59\",\"name\":\"deldindesign\",\"logo\":{\"@id\":\"https:\\\/\\\/deldindesign.de\\\/#\\\/schema\\\/person\\\/image\\\/\"}}]}<\/script>\n<!-- \/ Yoast SEO plugin. -->","yoast_head_json":{"title":"Kontakt - del din design del din design","robots":{"index":"index","follow":"follow","max-snippet":"max-snippet:-1","max-image-preview":"max-image-preview:large","max-video-preview":"max-video-preview:-1"},"canonical":"https:\/\/deldindesign.de\/index.php\/kontakt\/","og_locale":"de_DE","og_type":"article","og_title":"Kontakt - del din design del din design","og_description":"del din designAgentur f\u00fcr Kommunikationsdesign Gesch\u00e4ftsf\u00fchrung: Susanne Del DinSonnenstra\u00dfe 653721 Siegburg Fon: 0171.2741578E-Mail: sd@deldindesign.de &nbsp;","og_url":"https:\/\/deldindesign.de\/index.php\/kontakt\/","og_site_name":"del din design","article_modified_time":"2025-11-11T07:40:35+00:00","twitter_card":"summary_large_image","twitter_misc":{"Gesch\u00e4tzte Lesezeit":"1\u00a0Minute"},"schema":{"@context":"https:\/\/schema.org","@graph":[{"@type":"WebPage","@id":"https:\/\/deldindesign.de\/index.php\/kontakt\/","url":"https:\/\/deldindesign.de\/index.php\/kontakt\/","name":"Kontakt - del din design del din design","isPartOf":{"@id":"https:\/\/deldindesign.de\/#website"},"datePublished":"2020-02-03T11:45:57+00:00","dateModified":"2025-11-11T07:40:35+00:00","breadcrumb":{"@id":"https:\/\/deldindesign.de\/index.php\/kontakt\/#breadcrumb"},"inLanguage":"de","potentialAction":[{"@type":"ReadAction","target":["https:\/\/deldindesign.de\/index.php\/kontakt\/"]}]},{"@type":"BreadcrumbList","@id":"https:\/\/deldindesign.de\/index.php\/kontakt\/#breadcrumb","itemListElement":[{"@type":"ListItem","position":1,"name":"Startseite","item":"https:\/\/deldindesign.de\/"},{"@type":"ListItem","position":2,"name":"Kontakt"}]},{"@type":"WebSite","@id":"https:\/\/deldindesign.de\/#website","url":"https:\/\/deldindesign.de\/","name":"del din design","description":"Agentur f\u00fcr Kommunikationsdesign","publisher":{"@id":"https:\/\/deldindesign.de\/#\/schema\/person\/58991c77e781cd3e8c254d59ed6d4e59"},"potentialAction":[{"@type":"SearchAction","target":{"@type":"EntryPoint","urlTemplate":"https:\/\/deldindesign.de\/?s={search_term_string}"},"query-input":{"@type":"PropertyValueSpecification","valueRequired":true,"valueName":"search_term_string"}}],"inLanguage":"de"},{"@type":["Person","Organization"],"@id":"https:\/\/deldindesign.de\/#\/schema\/person\/58991c77e781cd3e8c254d59ed6d4e59","name":"deldindesign","logo":{"@id":"https:\/\/deldindesign.de\/#\/schema\/person\/image\/"}}]}},"_links":{"self":[{"href":"https:\/\/deldindesign.de\/index.php\/wp-json\/wp\/v2\/pages\/1025","targetHints":{"allow":["GET"]}}],"collection":[{"href":"https:\/\/deldindesign.de\/index.php\/wp-json\/wp\/v2\/pages"}],"about":[{"href":"https:\/\/deldindesign.de\/index.php\/wp-json\/wp\/v2\/types\/page"}],"author":[{"embeddable":true,"href":"https:\/\/deldindesign.de\/index.php\/wp-json\/wp\/v2\/users\/1"}],"replies":[{"embeddable":true,"href":"https:\/\/deldindesign.de\/index.php\/wp-json\/wp\/v2\/comments?post=1025"}],"version-history":[{"count":6,"href":"https:\/\/deldindesign.de\/index.php\/wp-json\/wp\/v2\/pages\/1025\/revisions"}],"predecessor-version":[{"id":1776,"href":"https:\/\/deldindesign.de\/index.php\/wp-json\/wp\/v2\/pages\/1025\/revisions\/1776"}],"wp:attachment":[{"href":"https:\/\/deldindesign.de\/index.php\/wp-json\/wp\/v2\/media?parent=1025"}],"curies":[{"name":"wp","href":"https:\/\/api.w.org\/{rel}","templated":true}]}}